{"id":71,"date":"2017-07-12T14:22:46","date_gmt":"2017-07-12T14:22:46","guid":{"rendered":"http:\/\/pijunnaqunga.org\/le-programme\/internships\/"},"modified":"2020-07-28T22:50:55","modified_gmt":"2020-07-28T22:50:55","slug":"stages","status":"publish","type":"page","link":"https:\/\/pijunnaqunga.org\/fr\/le-programme\/stages\/","title":{"rendered":"Stages Pijunnaqunga"},"content":{"rendered":"<h2>DIFF\u00c9RENTS TYPES DE STAGES<\/h2>\n<p>Voici quelques exemples des types de stages qui ont \u00e9t\u00e9 d\u00e9velopp\u00e9s avec Pijunnaqunga.<\/p>\n<p>Ton emploi de r\u00eave n&rsquo;est pas sur la liste? Contacte-nous et laisses-nous savoir quel domaine de travail t&rsquo;int\u00e9resse!<\/p>\n<p><img loading=\"lazy\" decoding=\"async\" class=\"alignnone wp-image-2189 size-full\" src=\"https:\/\/pijunnaqunga.org\/wp-content\/uploads\/2020\/07\/Liste-des-stages-Pijunnaqunga_sans-pointage_001.png\" alt=\"\" width=\"612\" height=\"792\" srcset=\"https:\/\/pijunnaqunga.org\/wp-content\/uploads\/2020\/07\/Liste-des-stages-Pijunnaqunga_sans-pointage_001.png 612w, https:\/\/pijunnaqunga.org\/wp-content\/uploads\/2020\/07\/Liste-des-stages-Pijunnaqunga_sans-pointage_001-232x300.png 232w\" sizes=\"auto, (max-width: 612px) 100vw, 612px\" \/> <img loading=\"lazy\" decoding=\"async\" class=\"alignnone wp-image-2192 size-full\" src=\"https:\/\/pijunnaqunga.org\/wp-content\/uploads\/2020\/07\/Liste-des-stages-Pijunnaqunga_sans-pointage_002.png\" alt=\"\" width=\"612\" height=\"792\" srcset=\"https:\/\/pijunnaqunga.org\/wp-content\/uploads\/2020\/07\/Liste-des-stages-Pijunnaqunga_sans-pointage_002.png 612w, https:\/\/pijunnaqunga.org\/wp-content\/uploads\/2020\/07\/Liste-des-stages-Pijunnaqunga_sans-pointage_002-232x300.png 232w\" sizes=\"auto, (max-width: 612px) 100vw, 612px\" \/> <img loading=\"lazy\" decoding=\"async\" class=\"alignnone wp-image-2195 size-full\" src=\"https:\/\/pijunnaqunga.org\/wp-content\/uploads\/2020\/07\/Liste-des-stages-Pijunnaqunga_sans-pointage_003.png\" alt=\"\" width=\"612\" height=\"792\" srcset=\"https:\/\/pijunnaqunga.org\/wp-content\/uploads\/2020\/07\/Liste-des-stages-Pijunnaqunga_sans-pointage_003.png 612w, https:\/\/pijunnaqunga.org\/wp-content\/uploads\/2020\/07\/Liste-des-stages-Pijunnaqunga_sans-pointage_003-232x300.png 232w\" sizes=\"auto, (max-width: 612px) 100vw, 612px\" \/><\/p>\n","protected":false},"excerpt":{"rendered":"<p>DIFF\u00c9RENTS TYPES DE STAGES Voici quelques exemples des types de stages qui ont \u00e9t\u00e9 d\u00e9velopp\u00e9s avec Pijunnaqunga. Ton emploi de r\u00eave n&rsquo;est pas sur la liste? Contacte-nous et laisses-nous savoir quel domaine de travail t&rsquo;int\u00e9resse!<\/p>\n","protected":false},"author":41,"featured_media":0,"parent":18,"menu_order":0,"comment_status":"closed","ping_status":"closed","template":"template-internship.php","meta":{"_acf_changed":false,"footnotes":""},"class_list":["post-71","page","type-page","status-publish","hentry"],"acf":[],"yoast_head":"<!-- This site is optimized with the Yoast SEO plugin v27.5 - https:\/\/yoast.com\/product\/yoast-seo-wordpress\/ -->\n<title>Stages Pijunnaqunga - Pijunnaqunga<\/title>\n<meta name=\"robots\" content=\"index, follow, max-snippet:-1, max-image-preview:large, max-video-preview:-1\" \/>\n<link rel=\"canonical\" href=\"https:\/\/pijunnaqunga.org\/fr\/le-programme\/stages\/\" \/>\n<meta property=\"og:locale\" content=\"fr_FR\" \/>\n<meta property=\"og:type\" content=\"article\" \/>\n<meta property=\"og:title\" content=\"Stages Pijunnaqunga - Pijunnaqunga\" \/>\n<meta property=\"og:description\" content=\"DIFF\u00c9RENTS TYPES DE STAGES Voici quelques exemples des types de stages qui ont \u00e9t\u00e9 d\u00e9velopp\u00e9s avec Pijunnaqunga. Ton emploi de r\u00eave n&rsquo;est pas sur la liste? Contacte-nous et laisses-nous savoir quel domaine de travail t&rsquo;int\u00e9resse!\" \/>\n<meta property=\"og:url\" content=\"https:\/\/pijunnaqunga.org\/fr\/le-programme\/stages\/\" \/>\n<meta property=\"og:site_name\" content=\"Pijunnaqunga\" \/>\n<meta property=\"article:modified_time\" content=\"2020-07-28T22:50:55+00:00\" \/>\n<meta property=\"og:image\" content=\"https:\/\/pijunnaqunga.org\/wp-content\/uploads\/2020\/07\/Liste-des-stages-Pijunnaqunga_sans-pointage_001.png\" \/>\n<meta name=\"twitter:card\" content=\"summary_large_image\" \/>\n<script type=\"application\/ld+json\" class=\"yoast-schema-graph\">{\"@context\":\"https:\\\/\\\/schema.org\",\"@graph\":[{\"@type\":\"WebPage\",\"@id\":\"https:\\\/\\\/pijunnaqunga.org\\\/fr\\\/le-programme\\\/stages\\\/\",\"url\":\"https:\\\/\\\/pijunnaqunga.org\\\/fr\\\/le-programme\\\/stages\\\/\",\"name\":\"Stages Pijunnaqunga - Pijunnaqunga\",\"isPartOf\":{\"@id\":\"https:\\\/\\\/pijunnaqunga.org\\\/fr\\\/#website\"},\"primaryImageOfPage\":{\"@id\":\"https:\\\/\\\/pijunnaqunga.org\\\/fr\\\/le-programme\\\/stages\\\/#primaryimage\"},\"image\":{\"@id\":\"https:\\\/\\\/pijunnaqunga.org\\\/fr\\\/le-programme\\\/stages\\\/#primaryimage\"},\"thumbnailUrl\":\"https:\\\/\\\/pijunnaqunga.org\\\/wp-content\\\/uploads\\\/2020\\\/07\\\/Liste-des-stages-Pijunnaqunga_sans-pointage_001.png\",\"datePublished\":\"2017-07-12T14:22:46+00:00\",\"dateModified\":\"2020-07-28T22:50:55+00:00\",\"breadcrumb\":{\"@id\":\"https:\\\/\\\/pijunnaqunga.org\\\/fr\\\/le-programme\\\/stages\\\/#breadcrumb\"},\"inLanguage\":\"fr-FR\",\"potentialAction\":[{\"@type\":\"ReadAction\",\"target\":[\"https:\\\/\\\/pijunnaqunga.org\\\/fr\\\/le-programme\\\/stages\\\/\"]}]},{\"@type\":\"ImageObject\",\"inLanguage\":\"fr-FR\",\"@id\":\"https:\\\/\\\/pijunnaqunga.org\\\/fr\\\/le-programme\\\/stages\\\/#primaryimage\",\"url\":\"https:\\\/\\\/pijunnaqunga.org\\\/wp-content\\\/uploads\\\/2020\\\/07\\\/Liste-des-stages-Pijunnaqunga_sans-pointage_001.png\",\"contentUrl\":\"https:\\\/\\\/pijunnaqunga.org\\\/wp-content\\\/uploads\\\/2020\\\/07\\\/Liste-des-stages-Pijunnaqunga_sans-pointage_001.png\"},{\"@type\":\"BreadcrumbList\",\"@id\":\"https:\\\/\\\/pijunnaqunga.org\\\/fr\\\/le-programme\\\/stages\\\/#breadcrumb\",\"itemListElement\":[{\"@type\":\"ListItem\",\"position\":1,\"name\":\"Home\",\"item\":\"https:\\\/\\\/pijunnaqunga.org\\\/fr\\\/\"},{\"@type\":\"ListItem\",\"position\":2,\"name\":\"Le programme\",\"item\":\"https:\\\/\\\/pijunnaqunga.org\\\/fr\\\/le-programme\\\/\"},{\"@type\":\"ListItem\",\"position\":3,\"name\":\"Stages Pijunnaqunga\"}]},{\"@type\":\"WebSite\",\"@id\":\"https:\\\/\\\/pijunnaqunga.org\\\/fr\\\/#website\",\"url\":\"https:\\\/\\\/pijunnaqunga.org\\\/fr\\\/\",\"name\":\"Pijunnaqunga\",\"description\":\"\",\"potentialAction\":[{\"@type\":\"SearchAction\",\"target\":{\"@type\":\"EntryPoint\",\"urlTemplate\":\"https:\\\/\\\/pijunnaqunga.org\\\/fr\\\/?s={search_term_string}\"},\"query-input\":{\"@type\":\"PropertyValueSpecification\",\"valueRequired\":true,\"valueName\":\"search_term_string\"}}],\"inLanguage\":\"fr-FR\"}]}<\/script>\n<!-- \/ Yoast SEO plugin. -->","yoast_head_json":{"title":"Stages Pijunnaqunga - Pijunnaqunga","robots":{"index":"index","follow":"follow","max-snippet":"max-snippet:-1","max-image-preview":"max-image-preview:large","max-video-preview":"max-video-preview:-1"},"canonical":"https:\/\/pijunnaqunga.org\/fr\/le-programme\/stages\/","og_locale":"fr_FR","og_type":"article","og_title":"Stages Pijunnaqunga - Pijunnaqunga","og_description":"DIFF\u00c9RENTS TYPES DE STAGES Voici quelques exemples des types de stages qui ont \u00e9t\u00e9 d\u00e9velopp\u00e9s avec Pijunnaqunga. Ton emploi de r\u00eave n&rsquo;est pas sur la liste? Contacte-nous et laisses-nous savoir quel domaine de travail t&rsquo;int\u00e9resse!","og_url":"https:\/\/pijunnaqunga.org\/fr\/le-programme\/stages\/","og_site_name":"Pijunnaqunga","article_modified_time":"2020-07-28T22:50:55+00:00","og_image":[{"url":"https:\/\/pijunnaqunga.org\/wp-content\/uploads\/2020\/07\/Liste-des-stages-Pijunnaqunga_sans-pointage_001.png","type":"","width":"","height":""}],"twitter_card":"summary_large_image","schema":{"@context":"https:\/\/schema.org","@graph":[{"@type":"WebPage","@id":"https:\/\/pijunnaqunga.org\/fr\/le-programme\/stages\/","url":"https:\/\/pijunnaqunga.org\/fr\/le-programme\/stages\/","name":"Stages Pijunnaqunga - Pijunnaqunga","isPartOf":{"@id":"https:\/\/pijunnaqunga.org\/fr\/#website"},"primaryImageOfPage":{"@id":"https:\/\/pijunnaqunga.org\/fr\/le-programme\/stages\/#primaryimage"},"image":{"@id":"https:\/\/pijunnaqunga.org\/fr\/le-programme\/stages\/#primaryimage"},"thumbnailUrl":"https:\/\/pijunnaqunga.org\/wp-content\/uploads\/2020\/07\/Liste-des-stages-Pijunnaqunga_sans-pointage_001.png","datePublished":"2017-07-12T14:22:46+00:00","dateModified":"2020-07-28T22:50:55+00:00","breadcrumb":{"@id":"https:\/\/pijunnaqunga.org\/fr\/le-programme\/stages\/#breadcrumb"},"inLanguage":"fr-FR","potentialAction":[{"@type":"ReadAction","target":["https:\/\/pijunnaqunga.org\/fr\/le-programme\/stages\/"]}]},{"@type":"ImageObject","inLanguage":"fr-FR","@id":"https:\/\/pijunnaqunga.org\/fr\/le-programme\/stages\/#primaryimage","url":"https:\/\/pijunnaqunga.org\/wp-content\/uploads\/2020\/07\/Liste-des-stages-Pijunnaqunga_sans-pointage_001.png","contentUrl":"https:\/\/pijunnaqunga.org\/wp-content\/uploads\/2020\/07\/Liste-des-stages-Pijunnaqunga_sans-pointage_001.png"},{"@type":"BreadcrumbList","@id":"https:\/\/pijunnaqunga.org\/fr\/le-programme\/stages\/#breadcrumb","itemListElement":[{"@type":"ListItem","position":1,"name":"Home","item":"https:\/\/pijunnaqunga.org\/fr\/"},{"@type":"ListItem","position":2,"name":"Le programme","item":"https:\/\/pijunnaqunga.org\/fr\/le-programme\/"},{"@type":"ListItem","position":3,"name":"Stages Pijunnaqunga"}]},{"@type":"WebSite","@id":"https:\/\/pijunnaqunga.org\/fr\/#website","url":"https:\/\/pijunnaqunga.org\/fr\/","name":"Pijunnaqunga","description":"","potentialAction":[{"@type":"SearchAction","target":{"@type":"EntryPoint","urlTemplate":"https:\/\/pijunnaqunga.org\/fr\/?s={search_term_string}"},"query-input":{"@type":"PropertyValueSpecification","valueRequired":true,"valueName":"search_term_string"}}],"inLanguage":"fr-FR"}]}},"_links":{"self":[{"href":"https:\/\/pijunnaqunga.org\/fr\/wp-json\/wp\/v2\/pages\/71","targetHints":{"allow":["GET"]}}],"collection":[{"href":"https:\/\/pijunnaqunga.org\/fr\/wp-json\/wp\/v2\/pages"}],"about":[{"href":"https:\/\/pijunnaqunga.org\/fr\/wp-json\/wp\/v2\/types\/page"}],"author":[{"embeddable":true,"href":"https:\/\/pijunnaqunga.org\/fr\/wp-json\/wp\/v2\/users\/41"}],"replies":[{"embeddable":true,"href":"https:\/\/pijunnaqunga.org\/fr\/wp-json\/wp\/v2\/comments?post=71"}],"version-history":[{"count":5,"href":"https:\/\/pijunnaqunga.org\/fr\/wp-json\/wp\/v2\/pages\/71\/revisions"}],"predecessor-version":[{"id":2198,"href":"https:\/\/pijunnaqunga.org\/fr\/wp-json\/wp\/v2\/pages\/71\/revisions\/2198"}],"up":[{"embeddable":true,"href":"https:\/\/pijunnaqunga.org\/fr\/wp-json\/wp\/v2\/pages\/18"}],"wp:attachment":[{"href":"https:\/\/pijunnaqunga.org\/fr\/wp-json\/wp\/v2\/media?parent=71"}],"curies":[{"name":"wp","href":"https:\/\/api.w.org\/{rel}","templated":true}]}}